{"id":81,"date":"2016-09-23T06:27:06","date_gmt":"2016-09-23T04:27:06","guid":{"rendered":"http:\/\/www.linsengerichter-baumschule.de\/?page_id=81"},"modified":"2016-09-23T07:04:02","modified_gmt":"2016-09-23T05:04:02","slug":"steinobst","status":"publish","type":"page","link":"http:\/\/www.linsengerichter-baumschule.de\/?page_id=81","title":{"rendered":"Steinobst"},"content":{"rendered":"<hr \/>\n<p><b>&nbsp; &nbsp; S\u00fc\u00dfkirsche\/Sauerkirsche:<\/b><\/p>\n<hr\/>\n<p>Burlat &nbsp; <a href=\"https:\/\/de.wikipedia.org\/wiki\/Burlat_(Kirsche)\" target=\"_blank\" title=\"Wikipedia Eintrag\"><img src=\"pic\/wiki.png\" style=\"margin-bottom: -5px; \" \/><\/a><\/p>\n<p>Canada Giant (leider kein Eintrag)<\/p>\n<p>Gro\u00dfe Schwarze Knorpelkirsche &nbsp; <a href=\"https:\/\/de.wikipedia.org\/wiki\/Gro%C3%9Fe_Schwarze_Knorpelkirsche\" target=\"_blank\" title=\"Wikipedia Eintrag\"><img src=\"pic\/wiki.png\" style=\"margin-bottom: -5px; \" \/><\/a><\/p>\n<p>Kordia &nbsp; <a href=\"https:\/\/de.wikipedia.org\/wiki\/Kordia\" target=\"_blank\" title=\"Wikipedia Eintrag\"><img src=\"pic\/wiki.png\" style=\"margin-bottom: -5px; \" \/><\/a><\/p>\n<p>Ludwigs Fr\u00fche (leider kein Eintrag)<\/p>\n<p>Querfurter K\u00f6nigskirsche &nbsp; <a href=\"http:\/\/www.obstsortendatenbank.de\/querfurter_koenigskirsche.htm\" target=\"_blank\" title=\"Eintrag Obstsortendatenbank BUND Lemgo\"><img src=\"pic\/bund.png\" style=\"margin-bottom: -5px; \" \/><\/a> &nbsp; <a href=\"https:\/\/de.wikipedia.org\/wiki\/B%C3%BCttners_Rote_Knorpelkirsche\" target=\"_blank\" title=\"Wikipedia Eintrag\"><img src=\"pic\/wiki.png\" style=\"margin-bottom: -5px; \" \/><\/a><\/p>\n<p>Regina &nbsp; <a href=\"https:\/\/de.wikipedia.org\/wiki\/Regina_(Kirsche)\" target=\"_blank\" title=\"Wikipedia Eintrag\"><img src=\"pic\/wiki.png\" style=\"margin-bottom: -5px; \" \/><\/a><\/p>\n<p>Schneiders sp\u00e4te Knorpelkirsche &nbsp; <a href=\"https:\/\/www.arche-noah.at\/files\/schneiders_spaete-knorpelkirsche.pdf\" target=\"_blank\" title=\"Arche Noah Eintrag\"><img src=\"pic\/arche.png\" style=\"margin-bottom: -5px; \" \/><\/a> &nbsp; <a href=\"https:\/\/de.wikipedia.org\/wiki\/Schneiders_sp%C3%A4te_Knorpelkirsche\" target=\"_blank\" title=\"Wikipedia Eintrag\"><img src=\"pic\/wiki.png\" style=\"margin-bottom: -5px; \" \/><\/a><\/p>\n<p>Sylvia (leider kein Eintrag)<\/p>\n<p>&nbsp;<\/p>\n<hr \/>\n<p><b>&nbsp; &nbsp; Pfirsiche:<\/b><\/p>\n<hr \/>\n<p>M\u00fcllers Goldpfirsich (leider kein Eintrag)<\/p>\n<p>Roter Ellerst\u00e4dter &nbsp; <a href=\"https:\/\/de.wikipedia.org\/wiki\/Roter_Ellerst%C3%A4dter\" target=\"_blank\" title=\"Wikipedia Eintrag\"><img src=\"pic\/wiki.png\" style=\"margin-bottom: -5px; \" \/><\/a><\/p>\n<p>Roter Weinbergspfirsich &nbsp; <a href=\"https:\/\/de.wikipedia.org\/wiki\/Roter_Weinbergpfirsich\" target=\"_blank\" title=\"Wikipedia Eintrag\"><img src=\"pic\/wiki.png\" style=\"margin-bottom: -5px; \" \/><\/a><\/p>\n<p>&nbsp;<\/p>\n<hr \/>\n<p><b>&nbsp; &nbsp; Pflaumen\/ Mirabellen etc.<\/b><\/p>\n<hr \/>\n<p>Doppelte wei\u00dfe Bauernpflaume (leider kein Eintrag)<\/p>\n<p>Hanita (leider kein Eintrag)<\/p>\n<p>Banke (leider kein Eintrag)<\/p>\n<p>Geisenheimer Top (leider kein Eintrag)<\/p>\n<p>Mirabelle von Nancy &nbsp; <a href=\"https:\/\/de.wikipedia.org\/wiki\/Mirabelle_von_Nancy\" target=\"_blank\" title=\"Wikipedia Eintrag\"><img src=\"pic\/wiki.png\" style=\"margin-bottom: -5px; \" \/><\/a><\/p>\n<p>Miragrande (leider kein Eintrag)<\/p>\n<p>Gelbe Reneklode (leider kein Eintrag)<\/p>\n<p>Graf Althanns Reneklode &nbsp; <a href=\"http:\/\/www.obstsortendatenbank.de\/graf_althanns_reineklaude.htm\" target=\"_blank\" title=\"Eintrag Obstsortendatenbank BUND Lemgo\"><img src=\"pic\/bund.png\" style=\"margin-bottom: -5px; \" \/><\/a> &nbsp; <a href=\"https:\/\/de.wikipedia.org\/wiki\/Graf_Althanns_Reneklode\" target=\"_blank\" title=\"Wikipedia Eintrag\"><img src=\"pic\/wiki.png\" style=\"margin-bottom: -5px; \" \/><\/a><\/p>\n","protected":false},"excerpt":{"rendered":"<p>&nbsp; &nbsp; S\u00fc\u00dfkirsche\/Sauerkirsche: Burlat &nbsp; Canada Giant (leider kein Eintrag) Gro\u00dfe Schwarze Knorpelkirsche &nbsp; Kordia &nbsp; Ludwigs Fr\u00fche (leider kein Eintrag) Querfurter K\u00f6nigskirsche &nbsp; &nbsp; Regina &nbsp; Schneiders sp\u00e4te Knorpelkirsche &nbsp; &nbsp; Sylvia (leider kein Eintrag) &nbsp; &nbsp; &nbsp; Pfirsiche: M\u00fcllers Goldpfirsich (leider kein Eintrag) Roter Ellerst\u00e4dter &nbsp; Roter Weinbergspfirsich &nbsp; &nbsp; &nbsp; &nbsp; Pflaumen\/ [&hellip;]<\/p>\n","protected":false},"author":1,"featured_media":0,"parent":0,"menu_order":0,"comment_status":"closed","ping_status":"closed","template":"page1.php","meta":[],"_links":{"self":[{"href":"http:\/\/www.linsengerichter-baumschule.de\/index.php?rest_route=\/wp\/v2\/pages\/81"}],"collection":[{"href":"http:\/\/www.linsengerichter-baumschule.de\/index.php?rest_route=\/wp\/v2\/pages"}],"about":[{"href":"http:\/\/www.linsengerichter-baumschule.de\/index.php?rest_route=\/wp\/v2\/types\/page"}],"author":[{"embeddable":true,"href":"http:\/\/www.linsengerichter-baumschule.de\/index.php?rest_route=\/wp\/v2\/users\/1"}],"replies":[{"embeddable":true,"href":"http:\/\/www.linsengerichter-baumschule.de\/index.php?rest_route=%2Fwp%2Fv2%2Fcomments&post=81"}],"version-history":[{"count":13,"href":"http:\/\/www.linsengerichter-baumschule.de\/index.php?rest_route=\/wp\/v2\/pages\/81\/revisions"}],"predecessor-version":[{"id":95,"href":"http:\/\/www.linsengerichter-baumschule.de\/index.php?rest_route=\/wp\/v2\/pages\/81\/revisions\/95"}],"wp:attachment":[{"href":"http:\/\/www.linsengerichter-baumschule.de\/index.php?rest_route=%2Fwp%2Fv2%2Fmedia&parent=81"}],"curies":[{"name":"wp","href":"https:\/\/api.w.org\/{rel}","templated":true}]}}