{"id":25,"date":"2016-09-17T00:11:21","date_gmt":"2016-09-16T22:11:21","guid":{"rendered":"http:\/\/www.linsengerichter-baumschule.de\/?page_id=25"},"modified":"2016-10-28T06:39:52","modified_gmt":"2016-10-28T04:39:52","slug":"ueber-uns","status":"publish","type":"page","link":"http:\/\/www.linsengerichter-baumschule.de\/?page_id=25","title":{"rendered":"\u00dcber uns"},"content":{"rendered":"<p><a href=\"javascript:bild('a1')\" title=\"Zum Vergr\u00f6\u00dfern\/Verkleinern anklicken\"><img src=\"pic\/Seiten\/vita1.jpg\" align=\"left\" id=\"a1\" class=\"bild30\" alt=\"Linsengerichter Baumschule\" \/><\/a>Im Jahr 2012 gr\u00fcndeten wir die Linsengerichter Baumschule, die seit dem im Nebenerwerb betrieben wird. Wir waren und sind \u00fcberzeugt, dass auch eine Baumschule naturvertr\u00e4glich gef\u00fchrt werden kann. Aus diesem Grund bewirtschaften wir unsere Quartiere \u00f6kologisch. Ohne den Einsatz von Kunstd\u00fcnger und Pestiziden wollen wir einen Beitrag zum Erhalt der Artenvielfalt der Bodenlebewesen, der Insekten, der V\u00f6gel und anderer Kleinlebewesen leisten. Dazu z\u00e4hlte auch die Entscheidung, heimische Wildgeh\u00f6lze anzubauen und anzubieten. Mit diesen geben wir den K\u00e4ufern die M\u00f6glichkeit, Nahrung und R\u00fcckzugsm\u00f6glichkeiten f\u00fcr die heimische Insekten- und Vogelwelt zu schaffen, die unter dem Verlust naturbelassener Fl\u00e4chen wie Ackerr\u00e4nder, Wildblumens\u00e4ume und Hecken in unserer modernen, durch konventionellen Ackerbau ver\u00e4nderten Kulturlandschaft leidet.<\/p>\n<p>Nach vier Jahren \u00f6kologischer Bewirtschaftung haben wir dieses Ziel erreicht. Seit Anfang 2015 sind wir Mitglied im <b><a title=\"Unsere Zertifikate\" href=\"?page_id=58\">Bioland-Verband<\/a><\/b>.<br \/>\nEin besonderes Gewicht legen wir auf den Anbau und Verkauf von alten Obstsorten. Der Schwerpunkt liegt auf dem Anbau hessischer und unterfr\u00e4nkischer Lokalsorten.<\/p>\n<p>Durch die wertvolle Arbeit des <b><a title=\"Website vom Pomologenverein\" href=\"http:\/\/pomologen-verein.de\/startseite.html\" target=\"_blank\">Pomologenvereins<\/a><\/b> konnten diese \u2013 zum Teil sehr seltenen \u2013 Obstsorten am Leben erhalten werden. Seit 2012 sind wir Mitglied dieses Vereines.<\/p>\n<p><a href=\"javascript:bild('a2')\" title=\"Zum Vergr\u00f6\u00dfern\/Verkleinern anklicken\"><img src=\"pic\/Seiten\/vita3.jpg\" align=\"right\" id=\"a2\" class=\"bild30r\" alt=\"Untersaaten\" \/><\/a>Im ersten Jahr wurden ca. 700 Obstunterlagen und einige Wildrosen und Wildstr\u00e4ucher aufgepflanzt.<br \/>\nDie Reihen wurden von Hand gehackt und gepflegt. Im Sommer wurden die ersten seltenen Sorten veredelt. Es dauerte einige Kulturjahre, bis die ersten Obstb\u00e4ume verkaufsfertig waren.<br \/>\nHeute, nach 4 Jahren \u00f6kologischer Bewirtschaftung und einj\u00e4hriger Mitgliedschaft im Biolandverband sind wir sehr froh, diesen Weg gegangen zu sein, der vor allem anfangs sehr m\u00fchselig war.<\/p>\n<p>Viele Arbeitsschritte, die im konventionellen Baumschulanbau \u00fcblich sind, k\u00f6nnen so nicht durchgef\u00fchrt werden. So legen wir zum Beispiel beim Pflanzenschutz Wert auf gr\u00f6\u00dftm\u00f6gliche Schonung von N\u00fctzlingen, da diese sehr zur Dezimierung von Schadinsekten beitragen. Verwendet werden \u2013 wenn erforderlich &#8211; nur im Biolandanbau zugelassene Pflanzenschutzmittel. Die Reihen werden m\u00f6glichst bodenschonend bearbeitet. Der Bewuchs zwischen den Pflanzen wird von Hand entfernt.<\/p>\n<p>Gr\u00f6\u00dfere Freifl\u00e4chen werden mit Gr\u00fcnd\u00fcngung oder einj\u00e4hrigen Untersaaten wie Klee einges\u00e4t. Kapuzinerkresse und Ringelblumen sorgen f\u00fcr Abwechslung und f\u00f6rdern die Gesundheit der Kulturpflanzen.<br \/>\nUrgesteinsmehl st\u00e4rkt und kr\u00e4ftigt die Pflanzen und sch\u00fctzt vor Pilzerkrankungen. Die windexponierte Lage sorgt daf\u00fcr, dass die Pflanzen gut abtrocknen und Pilzerkrankungen keinen guten N\u00e4hrboden haben.<\/p>\n<p><a href=\"javascript:bild('a3')\" title=\"Zum Vergr\u00f6\u00dfern\/Verkleinern anklicken\"><img src=\"pic\/Seiten\/vita2.jpg\" align=\"left\" id=\"a3\" class=\"bild30\" alt=\"Wildblumenwiese\" \/><\/a><br \/>\nEs werden bewusst keine Zusatzbew\u00e4sserungen der Obstb\u00e4ume durchgef\u00fchrt um das Wurzelsystem zu kr\u00e4ftigen.<br \/>\nDer Einsatz von schweren Maschinen wird stark begrenzt.<\/p>\n<p>In einem Teilbereich der Baumschule wurden Wildblumen einges\u00e4t, die den Fluginsekten, darunter Wildbienen und Schmetterlingen Nahrung bieten. Die Wiese wird nur einmal im Fr\u00fchjahr gem\u00e4ht, um als Winterschutz der Tierwelt zu dienen. Erg\u00e4nzend dazu errichteten wir Greifvogel Sitzjulen, h\u00e4ngten Nistk\u00e4sten f\u00fcr Singv\u00f6gel auf und stellten Insektenhotels auf.<\/p>\n<p>Um die von uns angebauten Sorten auch geschmacklich kennenzulernen, pflanzten wir 2016 Buschb\u00e4ume diverser Sorten auf unserem Gel\u00e4nde.<br \/>\nMittlerweile besuchen uns h\u00e4ufig auch Jugendgruppen verschiedener Naturschutzverb\u00e4nde, um die Baumschule zu besichtigen oder Wildblumen zu bestimmen.<br \/>\nWir w\u00fcrden uns auch \u00fcber Ihren Besuch freuen. Vereinbaren Sie gerne einen Termin mit uns.<br \/>\n<br clear=\"all\"><\/p>\n","protected":false},"excerpt":{"rendered":"<p>Im Jahr 2012 gr\u00fcndeten wir die Linsengerichter Baumschule, die seit dem im Nebenerwerb betrieben wird. Wir waren und sind \u00fcberzeugt, dass auch eine Baumschule naturvertr\u00e4glich gef\u00fchrt werden kann. Aus diesem Grund bewirtschaften wir unsere Quartiere \u00f6kologisch. Ohne den Einsatz von Kunstd\u00fcnger und Pestiziden wollen wir einen Beitrag zum Erhalt der Artenvielfalt der Bodenlebewesen, der Insekten, [&hellip;]<\/p>\n","protected":false},"author":1,"featured_media":0,"parent":0,"menu_order":0,"comment_status":"closed","ping_status":"closed","template":"","meta":[],"_links":{"self":[{"href":"http:\/\/www.linsengerichter-baumschule.de\/index.php?rest_route=\/wp\/v2\/pages\/25"}],"collection":[{"href":"http:\/\/www.linsengerichter-baumschule.de\/index.php?rest_route=\/wp\/v2\/pages"}],"about":[{"href":"http:\/\/www.linsengerichter-baumschule.de\/index.php?rest_route=\/wp\/v2\/types\/page"}],"author":[{"embeddable":true,"href":"http:\/\/www.linsengerichter-baumschule.de\/index.php?rest_route=\/wp\/v2\/users\/1"}],"replies":[{"embeddable":true,"href":"http:\/\/www.linsengerichter-baumschule.de\/index.php?rest_route=%2Fwp%2Fv2%2Fcomments&post=25"}],"version-history":[{"count":7,"href":"http:\/\/www.linsengerichter-baumschule.de\/index.php?rest_route=\/wp\/v2\/pages\/25\/revisions"}],"predecessor-version":[{"id":107,"href":"http:\/\/www.linsengerichter-baumschule.de\/index.php?rest_route=\/wp\/v2\/pages\/25\/revisions\/107"}],"wp:attachment":[{"href":"http:\/\/www.linsengerichter-baumschule.de\/index.php?rest_route=%2Fwp%2Fv2%2Fmedia&parent=25"}],"curies":[{"name":"wp","href":"https:\/\/api.w.org\/{rel}","templated":true}]}}